{"id":1848,"date":"2014-01-23T00:38:41","date_gmt":"2014-01-22T23:38:41","guid":{"rendered":"http:\/\/redizajn.preventista.sk\/info\/?page_id=1848"},"modified":"2014-02-02T12:08:24","modified_gmt":"2014-02-02T11:08:24","slug":"copyright","status":"publish","type":"page","link":"https:\/\/preventista.sk\/info\/copyright\/","title":{"rendered":"Copyright"},"content":{"rendered":"<h1>Autorsk\u00e9 pr\u00e1va<\/h1>\n<p>Vydavate\u013eom, prev\u00e1dzkovate\u013eom servera a poskytovate\u013eom s\u00favisiacich slu\u017eieb je:<br \/>\nOb\u010dianske zdru\u017eenie Preventista\u00a0 \u2013\u00a0 zdru\u017eenie pre bezpe\u010dnos\u0165 a\u00a0prevenciu. (\u010falej len \u201cvydavate\u013e\u201d).<\/p>\n<p>Ak nie je v\u00fdslovne uveden\u00e9 inak, autorsk\u00e9 pr\u00e1va k textom, grafike alebo in\u00fdm materi\u00e1lom chr\u00e1nen\u00fdm autorsk\u00fdm pr\u00e1vom, ktor\u00e9 s\u00fa publikovan\u00e9 na serveri Preventista.sk, vykon\u00e1va vydavate\u013e.<\/p>\n<p>Obsah publikovan\u00fd na Preventista.sk je publikovan\u00fd pod licenciou Ob\u010dianskeho zdru\u017eenia Preventista. Toto publikovan\u00e9 dielo nesmiete vyu\u017ei\u0165 pre komer\u010dn\u00e9 \u00fa\u010dely. Mus\u00edte uvies\u0165 autorov diela sp\u00f4sobom, ktor\u00fd po\u017eaduje autor alebo dr\u017eite\u013e licencie (nie v\u0161ak tak, aby vznikol dojem, \u017ee podporuj\u00fa v\u00e1s alebo va\u0161e vyu\u017eitie diela).<\/p>\n<p>Vydavate\u013e publikuje odborn\u00e9 \u010dl\u00e1nky v oblasti zvy\u0161ovania povedomia o informa\u010dnej bezpe\u010dnosti so zameran\u00edm na \u0161\u00edrenie prevencie po\u010d\u00edta\u010dovej kriminality medzi de\u0165mi a ml\u00e1de\u017eou, s priamou podporou ich pedag\u00f3gov a rodi\u010dov. Pr\u00edspevky ur\u010den\u00e9 na publik\u00e1ciu na serveri Preventista.sk by mali by\u0165 preva\u017ene p\u00f4vodn\u00e9 a doteraz inde \u00a0nepublikovan\u00e9. Vydavate\u013e nebude br\u00e1ni\u0165 publikovaniu star\u0161\u00edch textov, ak ich obsah bude pr\u00ednosn\u00fd pre zameranie servera, bude zapada\u0165 do jeho koncepcie. Pr\u00edspevky ur\u010den\u00e9 k publik\u00e1cii tvoria najm\u00e4 autorsk\u00e9 \u010dl\u00e1nky a pr\u00edspevky do diskusi\u00ed.<\/p>\n<hr \/>\n<h1>Autorsk\u00e9 \u010dl\u00e1nky<\/h1>\n<p>Vydavate\u013e si vyhradzuje pr\u00e1vo vr\u00e1ti\u0165 pr\u00edspevok autorovi na \u00fapravu, prepracovanie \u00a0ako aj pr\u00e1vo odoprie\u0165 publik\u00e1ciu pr\u00edspevku pod\u013ea vlastn\u00e9ho uv\u00e1\u017eenia. V\u017edy bude prihliada\u0165 ku koncepcii a vysokej obsahovej kvalite port\u00e1lu Preventista.sk. Vydavate\u013e m\u00e1 pr\u00e1vo pr\u00edspevok skr\u00e1ti\u0165 alebo rozdeli\u0165 na viac \u010dast\u00ed.<\/p>\n<p>Pr\u00edspevok je prijat\u00fd na publik\u00e1ciu v okamihu, kedy vydavate\u013e odo\u0161le jeho odosielate\u013eovi, ako autorovi pr\u00edspevku potvrdenie, \u017ee s\u00fahlas\u00ed s jeho uverejnen\u00edm. T\u00fdmto okamihom nadob\u00fada vydavate\u013e nev\u00fdhradn\u00fa licenciu k rozmno\u017eovaniu a roz\u0161irovaniu pr\u00edspevku v n\u00edm vyd\u00e1van\u00fdch elektronick\u00fdch alebo tla\u010den\u00fdch m\u00e9di\u00e1ch, vr\u00e1tane pr\u00e1va k prekladom a publik\u00e1ciu v inom ako p\u00f4vodnom jazyku pr\u00edspevku.<\/p>\n<p>Vydavate\u013e zverej\u0148uje pr\u00edspevky pod\u013ea vlastn\u00fdch redak\u010dn\u00fdch potrieb a to vr\u00e1tane ur\u010denia m\u00e9di\u00e1, rubr\u00edk, odkazov, z\u00e1lo\u017eiek, s\u00favisiacich odkazov a jazykov\u00fdch mut\u00e1ci\u00ed.<\/p>\n<p>Autori odovzd\u00e1vaj\u00fa vydavate\u013eovi pr\u00edspevky k publik\u00e1cii bez n\u00e1roku na honor\u00e1r.<\/p>\n<hr \/>\n<h1>Zdie\u013eanie vlastn\u00e9ho obsahu<\/h1>\n<p>V sekci\u00e1ch ur\u010den\u00fdch pre kolekt\u00edvne vytv\u00e1ranie obsahu rovnako ako v sekci\u00e1ch ur\u010den\u00fdch na diskusiu m\u00f4\u017eu u\u017e\u00edvatelia serveru Preventista.sk zverej\u0148ova\u0165 vlastn\u00fd obsah a inform\u00e1cie.<\/p>\n<p>V pr\u00edpade obsahu chr\u00e1nen\u00e9ho autorsk\u00fdm pr\u00e1vom ude\u013euje autor vydavate\u013eovi nev\u00fdhradn\u00e9, \u010dasovo ani lok\u00e1lne neobmedzen\u00e9, prevodite\u013en\u00e9 pr\u00e1vo publikovan\u00fd obsah bezodplatne u\u017e\u00edva\u0165, meni\u0165, sp\u00e1ja\u0165 s in\u00fdmi autorsk\u00fdmi dielami \u010di in\u00fdm obsahom a \u0161\u00edri\u0165 ho prostredn\u00edctvom elektronick\u00fdch i tla\u010den\u00fdch m\u00e9di\u00ed.<\/p>\n<p>U\u017e\u00edvatelia s\u00fa povinn\u00ed zdr\u017ea\u0165 sa poru\u0161ovania autorsk\u00fdch a in\u00fdch pr\u00e1v tret\u00edch str\u00e1n v s\u00favislosti s nimi publikovan\u00fdm obsahom, alebo obsahom nimi odovzdan\u00fdm k publik\u00e1cii.<\/p>\n<p>Vydavate\u013e m\u00e1 pr\u00e1vo pod\u013ea vlastn\u00e9ho uv\u00e1\u017eenia ak\u00fdko\u013evek obsah alebo jeho \u010das\u0165 kedyko\u013evek, bez predch\u00e1dzaj\u00faceho upozornenia autora zmaza\u0165, zmeni\u0165 alebo k nemu znemo\u017eni\u0165 pr\u00edstup.<\/p>\n<hr \/>\n<h1>Podmienky pou\u017e\u00edvania slu\u017eieb<\/h1>\n<p>Vz\u0165ah medzi u\u017e\u00edvate\u013eom servera Preventista.sk a vydavate\u013eom sa riadi t\u00fdmito v\u0161eobecn\u00fdmi podmienkami. Pokia\u013e nie je v\u00fdslovne uveden\u00e9 inak, je vydavate\u013e vykon\u00e1vate\u013eom majetkov\u00fdch pr\u00e1v k obsahu, ktor\u00fd podlieha ochrane pod\u013ea autorsk\u00e9ho pr\u00e1va. Ak\u00e9ko\u013evek preberanie alebo \u0161\u00edrenie obsahu servera pre komer\u010dn\u00e9 \u00fa\u010dely bez predch\u00e1dzaj\u00faceho p\u00edsomn\u00e9ho s\u00fahlasu vydavate\u013ea je zak\u00e1zan\u00e9.<\/p>\n<p>Obsah servera Preventista.sk nenahr\u00e1dza kvalifikovan\u00fa odborn\u00fa pomoc poskytovan\u00fa odborn\u00edkmi v danom odbore. Vydavate\u013e neru\u010d\u00ed za to, \u017ee v\u0161etky publikovan\u00e9 inform\u00e1cie s\u00fa aktu\u00e1lne, spr\u00e1vne, \u00fapln\u00e9 alebo pravdiv\u00e9. Vydavate\u013e m\u00e1 pr\u00e1vo pod\u013ea vlastn\u00e9ho uv\u00e1\u017eenia ak\u00fdko\u013evek obsah alebo jeho \u010das\u0165 kedyko\u013evek, bez predch\u00e1dzaj\u00faceho upozornenia pou\u017e\u00edvate\u013ea zmaza\u0165, zmeni\u0165 alebo k nemu znemo\u017eni\u0165 pr\u00edstup.<\/p>\n<hr \/>\n<h1>Vyu\u017eitie textov z port\u00e1lu Preventista.sk<\/h1>\n<p>Pri vyu\u017eit\u00ed textov z port\u00e1lu pre nekomer\u010dn\u00e9 \u00fa\u010dely nie je potrebn\u00e9 p\u00edsomn\u00fd s\u00fahlas vydavate\u013ea pri dodr\u017ean\u00ed podmienok cit\u00e1cie s uveden\u00edm zdroja.<\/p>\n<h2>Vzor cit\u00e1ci\u00ed z port\u00e1lu Preventista.sk<\/h2>\n<h3>Pr\u00edklad cit\u00e1cie bez autora:<\/h3>\n<p>\u201eUmenie trollingu\u201c; z\u00a0port\u00e1lu Preventista.sk 31.1.2014, dostupn\u00e9 z: \u00a0<a href=\"https:\/\/preventista.sk\/info\/umenie-trollingu\/\">https:\/\/preventista.sk\/info\/umenie-trollingu\/<\/a><\/p>\n<h3>Pr\u00edklad cit\u00e1cie s autorom (pou\u017eite, ak je pri \u010dl\u00e1nku uveden\u00fd autor):<\/h3>\n<p>Oster, Jaroslav. \u201ePrevencia, kam kr\u00e1\u010das&#8230;?\u201c, z\u00a0port\u00e1lu Preventista.sk 31.1.2014,. Dostupn\u00e9 z: <a href=\"https:\/\/preventista.sk\/info\/prevencia-kam-kracas\/\">https:\/\/preventista.sk\/info\/prevencia-kam-kracas\/<\/a><\/p>\n<hr \/>\n<h1>Ozna\u010denie a ochrann\u00e9 zn\u00e1mky<\/h1>\n<p>V\u0161etky ochrann\u00e9 zn\u00e1mky alebo in\u00e9 ozna\u010denia tret\u00edch os\u00f4b alebo v\u00fdrobkov alebo slu\u017eieb tret\u00edch os\u00f4b, ktor\u00e9 s\u00fa spomenut\u00e9 na t\u00fdchto str\u00e1nkach, je vlastn\u00e9 ich pr\u00e1voplatn\u00fdm dr\u017eite\u013eom a s\u00fa pou\u017eit\u00e9 v\u00fdlu\u010dne na identifik\u00e1ciu dotknut\u00fdch os\u00f4b alebo ich v\u00fdrobkov \u010di slu\u017eieb.<\/p>\n<hr \/>\n<h1>Registr\u00e1cia<\/h1>\n<p>Osobn\u00e9 \u00fadaje u\u017e\u00edvate\u013eov, z\u00edskan\u00e9 najm\u00e4 pri ich registr\u00e1cii, s\u00fa chr\u00e1nen\u00e9 a je s nimi nakladan\u00e9 v\u00fdhradne v s\u00falade s platn\u00fdmi pr\u00e1vnymi predpismi. Registr\u00e1ciou s\u00fahlas\u00ed u\u017e\u00edvate\u013e so zaraden\u00edm v\u0161etk\u00fdch n\u00edm poskytnut\u00fdch osobn\u00fdch \u00fadajov (\u010falej len \u00fadaje) do datab\u00e1zy Prev\u00e1dzkovate\u013ea serveru ako spr\u00e1vcu, bez ich n\u00e1sledn\u00e9ho spracovania prostredn\u00edctvom sprostredkovate\u013ea<\/p>\n<p>U\u017e\u00edvate\u013e berie na vedomie, \u017ee poskytnutie \u00fadajov je dobrovo\u013en\u00e9, \u017ee svoj s\u00fahlas m\u00f4\u017ee bezplatne a p\u00edsomne kedyko\u013evek na adrese Prev\u00e1dzkovate\u013ea odvola\u0165, m\u00e1 pr\u00e1vo pr\u00edstupu k osobn\u00fdm \u00fadajom a pr\u00e1vo na opravu t\u00fdchto osobn\u00fdch \u00fadajov, blokovanie nespr\u00e1vnych osobn\u00fdch \u00fadajov, ich likvid\u00e1ciu, at\u010f.<\/p>\n<p>&nbsp;<\/p>\n","protected":false},"excerpt":{"rendered":"<p>Autorsk\u00e9 pr\u00e1va Vydavate\u013eom, prev\u00e1dzkovate\u013eom servera a poskytovate\u013eom s\u00favisiacich slu\u017eieb je: Ob\u010dianske zdru\u017eenie Preventista\u00a0 \u2013\u00a0 zdru\u017eenie pre bezpe\u010dnos\u0165 a\u00a0prevenciu. (\u010falej len \u201cvydavate\u013e\u201d). Ak nie je v\u00fdslovne uveden\u00e9 inak, autorsk\u00e9 pr\u00e1va k textom, grafike alebo in\u00fdm materi\u00e1lom chr\u00e1nen\u00fdm autorsk\u00fdm pr\u00e1vom, ktor\u00e9 s\u00fa publikovan\u00e9 na serveri Preventista.sk, vykon\u00e1va vydavate\u013e. Obsah publikovan\u00fd na Preventista.sk je publikovan\u00fd pod licenciou Ob\u010dianskeho [&hellip;]<\/p>\n","protected":false},"author":3,"featured_media":0,"parent":0,"menu_order":0,"comment_status":"open","ping_status":"open","template":"","meta":{"jetpack_post_was_ever_published":false,"footnotes":""},"class_list":["post-1848","page","type-page","status-publish","hentry"],"aioseo_notices":[],"jetpack_sharing_enabled":true,"jetpack-related-posts":[{"id":2457,"url":"https:\/\/preventista.sk\/info\/o-nas\/darujte-2-dani\/","url_meta":{"origin":1848,"position":0},"title":"Podporte n\u00e1s v boji s kyber-kriminalitou!","author":"Redakcia","date":"25. janu\u00e1ra 2015","format":false,"excerpt":"N\u00e1zov organiz\u00e1cie:\u00a0\u00a0\u00a0\u00a0\u00a0\u00a0\u00a0\u00a0\u00a0\u00a0\u00a0\u00a0\u00a0\u00a0\u00a0\u00a0\u00a0\u00a0\u00a0\u00a0\u00a0\u00a0\u00a0\u00a0\u00a0\u00a0\u00a0\u00a0\u00a0 OZ Preventista - zdru\u017eenie pre bezpe\u010dnos\u0165 a prevenciuS\u00eddlo organiz\u00e1cie:\u00a0 \u00a0 \u00a0 \u00a0 \u00a0 \u00a0\u00a0 \u00a0 \u00a0 \u00a0 \u00a0 \u00a0\u00a0 \u00a0 \u00a0 \u00a0 \u00a0 N\u00e1mestie republiky 13, 984 01, Lu\u010denecPr\u00e1vna forma:\u00a0 \u00a0 \u00a0 \u00a0 \u00a0\u00a0 \u00a0 \u00a0 \u00a0 \u00a0 \u00a0 \u00a0 \u00a0 \u00a0 \u00a0 \u00a0 \u00a0 \u00a0 \u00a0\u00a0 Ob\u010dianske\u2026","rel":"","context":"Podobn\u00fd pr\u00edspevok","block_context":{"text":"Podobn\u00fd pr\u00edspevok","link":""},"img":{"alt_text":"Preventista 2% dane","src":"https:\/\/i0.wp.com\/preventista.sk\/info\/wp-content\/uploads\/2015\/01\/previ-dane-cover.jpg?fit=700%2C400&ssl=1&resize=350%2C200","width":350,"height":200,"srcset":"https:\/\/i0.wp.com\/preventista.sk\/info\/wp-content\/uploads\/2015\/01\/previ-dane-cover.jpg?fit=700%2C400&ssl=1&resize=350%2C200 1x, https:\/\/i0.wp.com\/preventista.sk\/info\/wp-content\/uploads\/2015\/01\/previ-dane-cover.jpg?fit=700%2C400&ssl=1&resize=525%2C300 1.5x, https:\/\/i0.wp.com\/preventista.sk\/info\/wp-content\/uploads\/2015\/01\/previ-dane-cover.jpg?fit=700%2C400&ssl=1&resize=700%2C400 2x"},"classes":[]},{"id":4568,"url":"https:\/\/preventista.sk\/info\/kniznica\/","url_meta":{"origin":1848,"position":1},"title":"Kni\u017enica","author":"Redakcia","date":"10. janu\u00e1ra 2022","format":false,"excerpt":"Na tejto podstr\u00e1nke postupne budeme prid\u00e1va\u0165 odkazy na r\u00f4zne publik\u00e1cie - n\u00e1jdete tu nami vydan\u00e9 publik\u00e1cie, nami odpor\u00fa\u010dan\u00e9 a rovnako aj publik\u00e1cie, ktor\u00e9 sa rozhodli autori spr\u00edstupni\u0165 prostredn\u00edctvom na\u0161ej str\u00e1nky. Publik\u00e1cie vydan\u00e9 OZ PREVENTISTA Ako na n\u00e1strahy internetu 2.aktualizovan\u00e9 vydanie Vydal: OZ Preventista - zdru\u017eenie pre bezpe\u010dnos\u0165 a prevenciu, 2016\u2026","rel":"","context":"Podobn\u00fd pr\u00edspevok","block_context":{"text":"Podobn\u00fd pr\u00edspevok","link":""},"img":{"alt_text":"","src":"https:\/\/i0.wp.com\/preventista.sk\/info\/wp-content\/uploads\/2016\/01\/kniha_foto_2.jpg?resize=350%2C200&ssl=1","width":350,"height":200,"srcset":"https:\/\/i0.wp.com\/preventista.sk\/info\/wp-content\/uploads\/2016\/01\/kniha_foto_2.jpg?resize=350%2C200&ssl=1 1x, https:\/\/i0.wp.com\/preventista.sk\/info\/wp-content\/uploads\/2016\/01\/kniha_foto_2.jpg?resize=525%2C300&ssl=1 1.5x, https:\/\/i0.wp.com\/preventista.sk\/info\/wp-content\/uploads\/2016\/01\/kniha_foto_2.jpg?resize=700%2C400&ssl=1 2x, https:\/\/i0.wp.com\/preventista.sk\/info\/wp-content\/uploads\/2016\/01\/kniha_foto_2.jpg?resize=1050%2C600&ssl=1 3x, https:\/\/i0.wp.com\/preventista.sk\/info\/wp-content\/uploads\/2016\/01\/kniha_foto_2.jpg?resize=1400%2C800&ssl=1 4x"},"classes":[]},{"id":648,"url":"https:\/\/preventista.sk\/info\/kontakt-2\/","url_meta":{"origin":1848,"position":2},"title":"Kontakt","author":"T.Paulus","date":"29. j\u00fala 2013","format":false,"excerpt":"OZ \u00a0PREVENTISTA zdru\u017eenie pre bezpe\u010dnos\u0165 a prevenciu I\u010cO:\u00a0\u00a042309794 \u00a0 \u00a0 DI\u010c: 2023902496 Adresa:\u00a0 N\u00e1mestie republiky 13, 984 01 Lu\u010denec \u010c\u00edslo \u00fa\u010dtu: 3197472653\/0200\u00a0 V\u00daB BANKA IBAN: SK 10 0200 0000 0031 9747 2653 Mobiln\u00fd telef\u00f3n:\u00a0 +421 905 272 066 Emailov\u00fd kontakt:\u00a0 info@preventista.sk Zoznam \u010dlenov zdru\u017eenia\u00a0n\u00e1jdete tu. Zakladaj\u00face dokumenty OZ Stanovy OZ\u2026","rel":"","context":"Podobn\u00fd pr\u00edspevok","block_context":{"text":"Podobn\u00fd pr\u00edspevok","link":""},"img":{"alt_text":"logo OZ 90x50","src":"https:\/\/i0.wp.com\/preventista.sk\/info\/wp-content\/uploads\/2013\/07\/logo-OZ-90x50-300x173.jpg?resize=350%2C200","width":350,"height":200},"classes":[]},{"id":531,"url":"https:\/\/preventista.sk\/info\/poradna-2\/linky-pomoci\/","url_meta":{"origin":1848,"position":3},"title":"Linky pomoci","author":"T.Paulus","date":"25. j\u00fala 2013","format":false,"excerpt":"Kam by ste sa mali obr\u00e1ti\u0165 v pr\u00edpade probl\u00e9mu? \u00a0 Jednotn\u00e9 \u010d\u00edslo ties\u0148ov\u00e9ho volania \u00a0- 112\u00a0 \u010c\u00edslo ties\u0148ov\u00e9ho volania sl\u00fa\u017ei na privolanie z\u00e1chrann\u00fdch zlo\u017eiek (hasi\u010dsk\u00fd a z\u00e1chrann\u00fd zbor,pol\u00edcia,z\u00e1chrann\u00e1 zdravotn\u00e1 slu\u017eba,kontroln\u00e9 chemick\u00e9 laborat\u00f3ri\u00e1 civilnej ochrany,bansk\u00e1 z\u00e1chrann\u00e1 slu\u017eba,horsk\u00e1\u00a0 z\u00e1chrann\u00e1 slu\u017eba,\u017eelezni\u010dn\u00e1 pol\u00edcia)\u00a0integrovan\u00e9ho z\u00e1chrann\u00e9ho syst\u00e9mu v pr\u00edpade, ke\u010f je ohrozen\u00fd \u013eudsk\u00fd \u017eivot, zdravie, majetok\u2026","rel":"","context":"Podobn\u00fd pr\u00edspevok","block_context":{"text":"Podobn\u00fd pr\u00edspevok","link":""},"img":{"alt_text":"","src":"https:\/\/i0.wp.com\/preventista.sk\/info\/wp-content\/uploads\/2013\/07\/images.jpg?resize=350%2C200","width":350,"height":200},"classes":[]},{"id":3560,"url":"https:\/\/preventista.sk\/info\/zasady-ochrany-osobnych-udajov\/","url_meta":{"origin":1848,"position":4},"title":"Z\u00e1sady ochrany osobn\u00fdch \u00fadajov","author":"T.Paulus","date":"24. m\u00e1ja 2018","format":false,"excerpt":"Kto sme Adresa na\u0161ej webovej str\u00e1nky je: http:\/\/preventista.sk\/info. Ak\u00e9 osobn\u00e9 \u00fadaje z\u00edskavame a pre\u010do ich zbierame Koment\u00e1re Ke\u010f n\u00e1v\u0161tevn\u00edci webu zanechavaj\u00fa na str\u00e1nke koment\u00e1re, zbierame \u00fadaje, ktor\u00e9 s\u00fa zobrazen\u00e9 vo formul\u00e1ri koment\u00e1ra a taktie\u017e IP adresu pou\u017e\u00edvate\u013eov a user-agent prehliada\u010da z d\u00f4vodu ochrany proti spamu. Anonymizovan\u00fd re\u0165azec vytvoren\u00fd z va\u0161ej\u2026","rel":"","context":"Podobn\u00fd pr\u00edspevok","block_context":{"text":"Podobn\u00fd pr\u00edspevok","link":""},"img":{"alt_text":"","src":"","width":0,"height":0},"classes":[]},{"id":907,"url":"https:\/\/preventista.sk\/info\/zapojte-sa\/","url_meta":{"origin":1848,"position":5},"title":"Zapojte sa","author":"Redakcia","date":"3. augusta 2013","format":false,"excerpt":"Vylep\u0161ite va\u0161e u\u010debne \u0161t\u00fdlov\u00fdmi a n\u00e1u\u010dn\u00fdmi plag\u00e1tmi. Aktu\u00e1lny set obsahuje plag\u00e1ty s t\u00e9matikou bezpe\u010dn\u00e9ho pou\u017e\u00edvania Facebook-u, siln\u00fdch hesiel, ochrany osobn\u00fdch \u00fadajov a podvodn\u00fdch e-mailov. Pre stiahnutie plag\u00e1tov kliknite sem. Pre stiahnutie plag\u00e1tu Stal som sa obe\u0165ou\u00a0 kliknite sem \u00a0 Ako plag\u00e1ty vyzeraj\u00fa? Ak sa v\u00e1m zap\u00e1\u010dila my\u0161lienka, ktor\u00fa \u0161\u00edri port\u00e1l\u2026","rel":"","context":"Podobn\u00fd pr\u00edspevok","block_context":{"text":"Podobn\u00fd pr\u00edspevok","link":""},"img":{"alt_text":"","src":"https:\/\/i0.wp.com\/preventista.sk\/info\/wp-content\/uploads\/2022\/01\/hladame-autorov.png?resize=350%2C200&ssl=1","width":350,"height":200,"srcset":"https:\/\/i0.wp.com\/preventista.sk\/info\/wp-content\/uploads\/2022\/01\/hladame-autorov.png?resize=350%2C200&ssl=1 1x, https:\/\/i0.wp.com\/preventista.sk\/info\/wp-content\/uploads\/2022\/01\/hladame-autorov.png?resize=525%2C300&ssl=1 1.5x, https:\/\/i0.wp.com\/preventista.sk\/info\/wp-content\/uploads\/2022\/01\/hladame-autorov.png?resize=700%2C400&ssl=1 2x"},"classes":[]}],"_links":{"self":[{"href":"https:\/\/preventista.sk\/info\/wp-json\/wp\/v2\/pages\/1848","targetHints":{"allow":["GET"]}}],"collection":[{"href":"https:\/\/preventista.sk\/info\/wp-json\/wp\/v2\/pages"}],"about":[{"href":"https:\/\/preventista.sk\/info\/wp-json\/wp\/v2\/types\/page"}],"author":[{"embeddable":true,"href":"https:\/\/preventista.sk\/info\/wp-json\/wp\/v2\/users\/3"}],"replies":[{"embeddable":true,"href":"https:\/\/preventista.sk\/info\/wp-json\/wp\/v2\/comments?post=1848"}],"version-history":[{"count":3,"href":"https:\/\/preventista.sk\/info\/wp-json\/wp\/v2\/pages\/1848\/revisions"}],"predecessor-version":[{"id":1901,"href":"https:\/\/preventista.sk\/info\/wp-json\/wp\/v2\/pages\/1848\/revisions\/1901"}],"wp:attachment":[{"href":"https:\/\/preventista.sk\/info\/wp-json\/wp\/v2\/media?parent=1848"}],"curies":[{"name":"wp","href":"https:\/\/api.w.org\/{rel}","templated":true}]}}