{"id":3513,"date":"2018-02-07T11:56:40","date_gmt":"2018-02-07T10:56:40","guid":{"rendered":"http:\/\/preventista.sk\/info\/?page_id=3513"},"modified":"2025-01-09T16:50:33","modified_gmt":"2025-01-09T15:50:33","slug":"clenovia-oz-preventista","status":"publish","type":"page","link":"https:\/\/preventista.sk\/info\/clenovia-oz-preventista\/","title":{"rendered":"Zoznam \u010dlenov n\u00e1\u0161ho zdru\u017eenia"},"content":{"rendered":"<p><strong>Chcete sa k n\u00e1m pripoji\u0165 a sta\u0165 sa \u010dlenom n\u00e1\u0161ho zdru\u017eenia?<\/strong><\/p>\n<p>Stiahnite si nasleduj\u00facu prihl\u00e1\u0161ku vo form\u00e1te .pdf. Je pripraven\u00e1 ako formul\u00e1r, ktor\u00fd m\u00f4\u017eete priamo vyplni\u0165 a po podp\u00edsan\u00ed elektronick\u00fdm k\u013e\u00fa\u010dom (pokia\u013e m\u00e1te) priamo odosla\u0165. Druhou mo\u017enos\u0165ou je vyplnenie, vytla\u010denie, podp\u00edsanie a odoslanie k n\u00e1m.<\/p>\n<p><a href=\"https:\/\/preventista.sk\/info\/wp-content\/uploads\/2013\/07\/PREVENTISTA_Prihlaska_formular.pdf\">PRIHL\u00c1\u0160KA \u00a0za \u010dlena <em>OZ Preventista &#8211; zdru\u017eenie pre bezpe\u010dnos\u0165 a prevenciu<\/em><\/a><\/p>\n<table style=\"height: 559px;\" border=\"0\" width=\"500\" cellspacing=\"0\" cellpadding=\"0\"><colgroup> <col width=\"129\" \/> <col width=\"157\" \/> <\/colgroup>\n<tbody>\n<tr>\n<td width=\"129\" height=\"20\"><strong>Meno a priezvisko<\/strong><\/td>\n<td width=\"157\"><strong>Mesto<\/strong><\/td>\n<\/tr>\n<tr>\n<td height=\"20\">Jaroslav Oster<\/td>\n<td>Lu\u010denec<\/td>\n<\/tr>\n<tr>\n<td height=\"20\">Jozef Oravec<\/td>\n<td>Lu\u010denec<\/td>\n<\/tr>\n<tr>\n<td height=\"20\">Juraj Magula<\/td>\n<td>Bratislava<\/td>\n<\/tr>\n<tr>\n<td height=\"20\">Radoslav Fe\u010fo<\/td>\n<td>Pezinok<\/td>\n<\/tr>\n<tr>\n<td height=\"20\">Ivan Kr\u00e1lik<\/td>\n<td>Tom\u00e1\u0161ovce<\/td>\n<\/tr>\n<tr>\n<td height=\"20\">Miroslav Mot\u00fd\u013e<\/td>\n<td>Liptovsk\u00fd Mikul\u00e1\u0161<\/td>\n<\/tr>\n<tr>\n<td height=\"20\">Katar\u00edna Krop\u00e1\u010dov\u00e1<\/td>\n<td>Lu\u010denec<\/td>\n<\/tr>\n<tr>\n<td height=\"20\">Richard M\u00e1gyel<\/td>\n<td>Fi\u013eakovo<\/td>\n<\/tr>\n<tr>\n<td height=\"20\">Tatiana Hajdukov\u00e1<\/td>\n<td>Bratislava<\/td>\n<\/tr>\n<tr>\n<td height=\"20\">Marek Zeman<\/td>\n<td>Bratislava<\/td>\n<\/tr>\n<tr>\n<td height=\"20\">Rastislav Barkasi<\/td>\n<td>Michalovce<\/td>\n<\/tr>\n<tr>\n<td height=\"20\">Miriam Niklov\u00e1<\/td>\n<td>Bansk\u00e1 Bystrica<\/td>\n<\/tr>\n<tr>\n<td height=\"20\">Daniel Chromek<\/td>\n<td>Bratislava<\/td>\n<\/tr>\n<tr>\n<td height=\"20\">Stanislav Balko<\/td>\n<td>Martin<\/td>\n<\/tr>\n<tr>\n<td height=\"20\">Eva Markov\u00e1<\/td>\n<td>Ko\u0161ice<\/td>\n<\/tr>\n<tr>\n<td height=\"20\">Veronika Mot\u00fd\u013eov\u00e1<\/td>\n<td>Liptovsk\u00fd Mikul\u00e1\u0161<\/td>\n<\/tr>\n<tr>\n<td height=\"20\">Miroslav Sidor<\/td>\n<td>Ko\u0161ice<\/td>\n<\/tr>\n<tr>\n<td height=\"20\">Martin Mor\u00e1vek<\/td>\n<td>\u017dilina<\/td>\n<\/tr>\n<tr>\n<td height=\"20\">Norbert Gregor<\/td>\n<td>Bratislava<\/td>\n<\/tr>\n<tr>\n<td height=\"20\">Mat\u00fa\u0161 Feren\u010d\u00edk<\/td>\n<td>Jablonica<\/td>\n<\/tr>\n<\/tbody>\n<\/table>\n<p>\u00a0<\/p>\n<p><strong>Chcete podpori\u0165 na\u0161e aktivity?<\/strong><\/p>\n<p>V\u0161etky Va\u0161e dary bud\u00fa vyu\u017eit\u00e9 na \u010dinnosti, ktor\u00e9 sme dlh\u00e9 roky doteraz robili nez\u00e1visle bez existencie zdru\u017eenia a ktor\u00e9 mnoh\u00ed z V\u00e1s d\u00f4verne poznaj\u00fa &#8211; organiz\u00e1cia predn\u00e1\u0161ok, vzdel\u00e1vac\u00edch aktiv\u00edt, s\u00fa\u0165a\u017e\u00ed a \u010fal\u0161\u00edch, ktor\u00e9 sa \u017eia\u013e bez Va\u0161ej pomoci nepodar\u00ed zorganizova\u0165. Vopred \u010fakujeme ka\u017ed\u00e9mu darcovi.<\/p>\n<p><a href=\"https:\/\/preventista.sk\/info\/wp-content\/uploads\/2013\/07\/DAROVACIA-ZMLUVA-financny-dar.pdf\">DAROVACIA ZMLUVA &#8211; finan\u010dn\u00fd dar<\/a><\/p>\n<p><a href=\"https:\/\/preventista.sk\/info\/wp-content\/uploads\/2013\/07\/DAROVACIA-ZMLUVA-vecny-dar.pdf\">DAROVACIA ZMLUVA &#8211; vecn\u00fd dar<\/a><\/p>\n\n\n<p><\/p>\n","protected":false},"excerpt":{"rendered":"<p>Chcete sa k n\u00e1m pripoji\u0165 a sta\u0165 sa \u010dlenom n\u00e1\u0161ho zdru\u017eenia? Stiahnite si nasleduj\u00facu prihl\u00e1\u0161ku vo form\u00e1te .pdf. Je pripraven\u00e1 ako formul\u00e1r, ktor\u00fd m\u00f4\u017eete priamo vyplni\u0165 a po podp\u00edsan\u00ed elektronick\u00fdm k\u013e\u00fa\u010dom (pokia\u013e m\u00e1te) priamo odosla\u0165. Druhou mo\u017enos\u0165ou je vyplnenie, vytla\u010denie, podp\u00edsanie a odoslanie k n\u00e1m. PRIHL\u00c1\u0160KA \u00a0za \u010dlena OZ Preventista &#8211; zdru\u017eenie pre bezpe\u010dnos\u0165 a [&hellip;]<\/p>\n","protected":false},"author":1,"featured_media":0,"parent":0,"menu_order":0,"comment_status":"closed","ping_status":"closed","template":"","meta":{"jetpack_post_was_ever_published":false,"footnotes":""},"class_list":["post-3513","page","type-page","status-publish","hentry"],"aioseo_notices":[],"jetpack_sharing_enabled":true,"jetpack-related-posts":[{"id":648,"url":"https:\/\/preventista.sk\/info\/kontakt-2\/","url_meta":{"origin":3513,"position":0},"title":"Kontakt","author":"T.Paulus","date":"29. j\u00fala 2013","format":false,"excerpt":"OZ \u00a0PREVENTISTA zdru\u017eenie pre bezpe\u010dnos\u0165 a prevenciu I\u010cO:\u00a0\u00a042309794 \u00a0 \u00a0 DI\u010c: 2023902496 Adresa:\u00a0 N\u00e1mestie republiky 13, 984 01 Lu\u010denec \u010c\u00edslo \u00fa\u010dtu: 3197472653\/0200\u00a0 V\u00daB BANKA IBAN: SK 10 0200 0000 0031 9747 2653 Mobiln\u00fd telef\u00f3n:\u00a0 +421 905 272 066 Emailov\u00fd kontakt:\u00a0 info@preventista.sk Zoznam \u010dlenov zdru\u017eenia\u00a0n\u00e1jdete tu. Zakladaj\u00face dokumenty OZ Stanovy OZ\u2026","rel":"","context":"Podobn\u00fd pr\u00edspevok","block_context":{"text":"Podobn\u00fd pr\u00edspevok","link":""},"img":{"alt_text":"logo OZ 90x50","src":"https:\/\/i0.wp.com\/preventista.sk\/info\/wp-content\/uploads\/2013\/07\/logo-OZ-90x50-300x173.jpg?resize=350%2C200","width":350,"height":200},"classes":[]},{"id":2457,"url":"https:\/\/preventista.sk\/info\/o-nas\/darujte-2-dani\/","url_meta":{"origin":3513,"position":1},"title":"Podporte n\u00e1s v boji s kyber-kriminalitou!","author":"Redakcia","date":"25. janu\u00e1ra 2015","format":false,"excerpt":"N\u00e1zov organiz\u00e1cie:\u00a0\u00a0\u00a0\u00a0\u00a0\u00a0\u00a0\u00a0\u00a0\u00a0\u00a0\u00a0\u00a0\u00a0\u00a0\u00a0\u00a0\u00a0\u00a0\u00a0\u00a0\u00a0\u00a0\u00a0\u00a0\u00a0\u00a0\u00a0\u00a0 OZ Preventista - zdru\u017eenie pre bezpe\u010dnos\u0165 a prevenciuS\u00eddlo organiz\u00e1cie:\u00a0 \u00a0 \u00a0 \u00a0 \u00a0 \u00a0\u00a0 \u00a0 \u00a0 \u00a0 \u00a0 \u00a0\u00a0 \u00a0 \u00a0 \u00a0 \u00a0 N\u00e1mestie republiky 13, 984 01, Lu\u010denecPr\u00e1vna forma:\u00a0 \u00a0 \u00a0 \u00a0 \u00a0\u00a0 \u00a0 \u00a0 \u00a0 \u00a0 \u00a0 \u00a0 \u00a0 \u00a0 \u00a0 \u00a0 \u00a0 \u00a0 \u00a0\u00a0 Ob\u010dianske\u2026","rel":"","context":"Podobn\u00fd pr\u00edspevok","block_context":{"text":"Podobn\u00fd pr\u00edspevok","link":""},"img":{"alt_text":"Preventista 2% dane","src":"https:\/\/i0.wp.com\/preventista.sk\/info\/wp-content\/uploads\/2015\/01\/previ-dane-cover.jpg?fit=700%2C400&ssl=1&resize=350%2C200","width":350,"height":200,"srcset":"https:\/\/i0.wp.com\/preventista.sk\/info\/wp-content\/uploads\/2015\/01\/previ-dane-cover.jpg?fit=700%2C400&ssl=1&resize=350%2C200 1x, https:\/\/i0.wp.com\/preventista.sk\/info\/wp-content\/uploads\/2015\/01\/previ-dane-cover.jpg?fit=700%2C400&ssl=1&resize=525%2C300 1.5x, https:\/\/i0.wp.com\/preventista.sk\/info\/wp-content\/uploads\/2015\/01\/previ-dane-cover.jpg?fit=700%2C400&ssl=1&resize=700%2C400 2x"},"classes":[]},{"id":531,"url":"https:\/\/preventista.sk\/info\/poradna-2\/linky-pomoci\/","url_meta":{"origin":3513,"position":2},"title":"Linky pomoci","author":"T.Paulus","date":"25. j\u00fala 2013","format":false,"excerpt":"Kam by ste sa mali obr\u00e1ti\u0165 v pr\u00edpade probl\u00e9mu? \u00a0 Jednotn\u00e9 \u010d\u00edslo ties\u0148ov\u00e9ho volania \u00a0- 112\u00a0 \u010c\u00edslo ties\u0148ov\u00e9ho volania sl\u00fa\u017ei na privolanie z\u00e1chrann\u00fdch zlo\u017eiek (hasi\u010dsk\u00fd a z\u00e1chrann\u00fd zbor,pol\u00edcia,z\u00e1chrann\u00e1 zdravotn\u00e1 slu\u017eba,kontroln\u00e9 chemick\u00e9 laborat\u00f3ri\u00e1 civilnej ochrany,bansk\u00e1 z\u00e1chrann\u00e1 slu\u017eba,horsk\u00e1\u00a0 z\u00e1chrann\u00e1 slu\u017eba,\u017eelezni\u010dn\u00e1 pol\u00edcia)\u00a0integrovan\u00e9ho z\u00e1chrann\u00e9ho syst\u00e9mu v pr\u00edpade, ke\u010f je ohrozen\u00fd \u013eudsk\u00fd \u017eivot, zdravie, majetok\u2026","rel":"","context":"Podobn\u00fd pr\u00edspevok","block_context":{"text":"Podobn\u00fd pr\u00edspevok","link":""},"img":{"alt_text":"","src":"https:\/\/i0.wp.com\/preventista.sk\/info\/wp-content\/uploads\/2013\/07\/images.jpg?resize=350%2C200","width":350,"height":200},"classes":[]},{"id":4568,"url":"https:\/\/preventista.sk\/info\/kniznica\/","url_meta":{"origin":3513,"position":3},"title":"Kni\u017enica","author":"Redakcia","date":"10. janu\u00e1ra 2022","format":false,"excerpt":"Na tejto podstr\u00e1nke postupne budeme prid\u00e1va\u0165 odkazy na r\u00f4zne publik\u00e1cie - n\u00e1jdete tu nami vydan\u00e9 publik\u00e1cie, nami odpor\u00fa\u010dan\u00e9 a rovnako aj publik\u00e1cie, ktor\u00e9 sa rozhodli autori spr\u00edstupni\u0165 prostredn\u00edctvom na\u0161ej str\u00e1nky. Publik\u00e1cie vydan\u00e9 OZ PREVENTISTA Ako na n\u00e1strahy internetu 2.aktualizovan\u00e9 vydanie Vydal: OZ Preventista - zdru\u017eenie pre bezpe\u010dnos\u0165 a prevenciu, 2016\u2026","rel":"","context":"Podobn\u00fd pr\u00edspevok","block_context":{"text":"Podobn\u00fd pr\u00edspevok","link":""},"img":{"alt_text":"","src":"https:\/\/i0.wp.com\/preventista.sk\/info\/wp-content\/uploads\/2016\/01\/kniha_foto_2.jpg?resize=350%2C200&ssl=1","width":350,"height":200,"srcset":"https:\/\/i0.wp.com\/preventista.sk\/info\/wp-content\/uploads\/2016\/01\/kniha_foto_2.jpg?resize=350%2C200&ssl=1 1x, https:\/\/i0.wp.com\/preventista.sk\/info\/wp-content\/uploads\/2016\/01\/kniha_foto_2.jpg?resize=525%2C300&ssl=1 1.5x, https:\/\/i0.wp.com\/preventista.sk\/info\/wp-content\/uploads\/2016\/01\/kniha_foto_2.jpg?resize=700%2C400&ssl=1 2x, https:\/\/i0.wp.com\/preventista.sk\/info\/wp-content\/uploads\/2016\/01\/kniha_foto_2.jpg?resize=1050%2C600&ssl=1 3x, https:\/\/i0.wp.com\/preventista.sk\/info\/wp-content\/uploads\/2016\/01\/kniha_foto_2.jpg?resize=1400%2C800&ssl=1 4x"},"classes":[]},{"id":2790,"url":"https:\/\/preventista.sk\/info\/workshop\/","url_meta":{"origin":3513,"position":4},"title":"Workshop","author":"T.Paulus","date":"10. augusta 2015","format":false,"excerpt":"Virtu\u00e1lny svet a re\u00e1lne nebezpe\u010denstv\u00e1 16.septembra 2015, 9:00 hod. ..... Kongresov\u00e1 s\u00e1la hotela Slovan \u017delezni\u010dn\u00e1 25, Lu\u010denec mapa ..... Po\u010d\u00edta\u010dov\u00e1 kriminalita \u2013 m\u00fdty, dohady a realita Ing. Jaroslav Oster \/ Info consult s.r.o. \u00a0 Ka\u017ed\u00fd sa m\u00f4\u017ee sta\u0165 otrokom ... Aj dnes! Jozef Halcin \/ Ministerstvo vn\u00fatra SR \u00a0 Zneu\u017e\u00edvanie\u2026","rel":"","context":"Podobn\u00fd pr\u00edspevok","block_context":{"text":"Podobn\u00fd pr\u00edspevok","link":""},"img":{"alt_text":"workshop","src":"https:\/\/i0.wp.com\/preventista.sk\/info\/wp-content\/uploads\/2015\/08\/workshop-450x450.jpg?resize=350%2C200","width":350,"height":200},"classes":[]},{"id":1848,"url":"https:\/\/preventista.sk\/info\/copyright\/","url_meta":{"origin":3513,"position":5},"title":"Copyright","author":"T.Paulus","date":"23. janu\u00e1ra 2014","format":false,"excerpt":"Autorsk\u00e9 pr\u00e1va Vydavate\u013eom, prev\u00e1dzkovate\u013eom servera a poskytovate\u013eom s\u00favisiacich slu\u017eieb je: Ob\u010dianske zdru\u017eenie Preventista\u00a0 \u2013\u00a0 zdru\u017eenie pre bezpe\u010dnos\u0165 a\u00a0prevenciu. (\u010falej len \u201cvydavate\u013e\u201d). Ak nie je v\u00fdslovne uveden\u00e9 inak, autorsk\u00e9 pr\u00e1va k textom, grafike alebo in\u00fdm materi\u00e1lom chr\u00e1nen\u00fdm autorsk\u00fdm pr\u00e1vom, ktor\u00e9 s\u00fa publikovan\u00e9 na serveri Preventista.sk, vykon\u00e1va vydavate\u013e. Obsah publikovan\u00fd na Preventista.sk\u2026","rel":"","context":"Podobn\u00fd pr\u00edspevok","block_context":{"text":"Podobn\u00fd pr\u00edspevok","link":""},"img":{"alt_text":"","src":"","width":0,"height":0},"classes":[]}],"_links":{"self":[{"href":"https:\/\/preventista.sk\/info\/wp-json\/wp\/v2\/pages\/3513","targetHints":{"allow":["GET"]}}],"collection":[{"href":"https:\/\/preventista.sk\/info\/wp-json\/wp\/v2\/pages"}],"about":[{"href":"https:\/\/preventista.sk\/info\/wp-json\/wp\/v2\/types\/page"}],"author":[{"embeddable":true,"href":"https:\/\/preventista.sk\/info\/wp-json\/wp\/v2\/users\/1"}],"replies":[{"embeddable":true,"href":"https:\/\/preventista.sk\/info\/wp-json\/wp\/v2\/comments?post=3513"}],"version-history":[{"count":22,"href":"https:\/\/preventista.sk\/info\/wp-json\/wp\/v2\/pages\/3513\/revisions"}],"predecessor-version":[{"id":6313,"href":"https:\/\/preventista.sk\/info\/wp-json\/wp\/v2\/pages\/3513\/revisions\/6313"}],"wp:attachment":[{"href":"https:\/\/preventista.sk\/info\/wp-json\/wp\/v2\/media?parent=3513"}],"curies":[{"name":"wp","href":"https:\/\/api.w.org\/{rel}","templated":true}]}}