{"id":489,"date":"2013-07-25T08:55:18","date_gmt":"2013-07-25T06:55:18","guid":{"rendered":"http:\/\/preventista.sk\/info\/?page_id=489"},"modified":"2016-01-17T17:21:19","modified_gmt":"2016-01-17T16:21:19","slug":"o-nas","status":"publish","type":"page","link":"https:\/\/preventista.sk\/info\/o-nas\/","title":{"rendered":"O n\u00e1s"},"content":{"rendered":"<p>Port\u00e1l <strong>Preventista.sk<\/strong> vznikol ako projekt, ktor\u00fd m\u00e1 \u0161\u00edri\u0165 posolstvo prevencie IT\u00a0kriminality a prispie\u0165 ku osvete informa\u010dnej\u00a0bezpe\u010dnosti. Jeho z\u00e1merom je poskytn\u00fa\u0165 platformu pre v\u00fdmenu sk\u00fasenost\u00ed s praktickou realiz\u00e1ciou prevent\u00edvneho p\u00f4sobenia na v\u0161etk\u00fdch \u00farovniach spolo\u010densk\u00e9ho \u017eivota.<\/p>\n<p>&nbsp;<\/p>\n<p>Port\u00e1l <strong>Preventista.sk <\/strong>\u00a0je prev\u00e1dzkovan\u00fd ob\u010dianskym zdru\u017een\u00edm <strong>Preventista &#8211;\u00a0zdru\u017eenie pre bezpe\u010dnos\u0165 a prevenciu <\/strong><\/p>\n<p><a href=\"https:\/\/i0.wp.com\/preventista.sk\/info\/wp-content\/uploads\/2013\/07\/logo-OZ-90x50.jpg?ssl=1\"><img data-recalc-dims=\"1\" loading=\"lazy\" decoding=\"async\" data-attachment-id=\"1582\" data-permalink=\"https:\/\/preventista.sk\/info\/kontakt-2\/logo-oz-90x50\/\" data-orig-file=\"https:\/\/i0.wp.com\/preventista.sk\/info\/wp-content\/uploads\/2013\/07\/logo-OZ-90x50.jpg?fit=1122%2C650&amp;ssl=1\" data-orig-size=\"1122,650\" data-comments-opened=\"1\" data-image-meta=\"{&quot;aperture&quot;:&quot;0&quot;,&quot;credit&quot;:&quot;&quot;,&quot;camera&quot;:&quot;&quot;,&quot;caption&quot;:&quot;&quot;,&quot;created_timestamp&quot;:&quot;0&quot;,&quot;copyright&quot;:&quot;&quot;,&quot;focal_length&quot;:&quot;0&quot;,&quot;iso&quot;:&quot;0&quot;,&quot;shutter_speed&quot;:&quot;0&quot;,&quot;title&quot;:&quot;&quot;}\" data-image-title=\"logo OZ 90&amp;#215;50\" data-image-description=\"\" data-image-caption=\"\" data-large-file=\"https:\/\/i0.wp.com\/preventista.sk\/info\/wp-content\/uploads\/2013\/07\/logo-OZ-90x50.jpg?fit=1024%2C593&amp;ssl=1\" class=\"alignnone size-thumbnail wp-image-1582\" src=\"https:\/\/i0.wp.com\/preventista.sk\/info\/wp-content\/uploads\/2013\/07\/logo-OZ-90x50.jpg?resize=150%2C86&#038;ssl=1\" alt=\"logo OZ 90x50\" width=\"150\" height=\"86\" srcset=\"https:\/\/i0.wp.com\/preventista.sk\/info\/wp-content\/uploads\/2013\/07\/logo-OZ-90x50.jpg?resize=150%2C86&amp;ssl=1 150w, https:\/\/i0.wp.com\/preventista.sk\/info\/wp-content\/uploads\/2013\/07\/logo-OZ-90x50.jpg?resize=300%2C173&amp;ssl=1 300w, https:\/\/i0.wp.com\/preventista.sk\/info\/wp-content\/uploads\/2013\/07\/logo-OZ-90x50.jpg?resize=1024%2C593&amp;ssl=1 1024w, https:\/\/i0.wp.com\/preventista.sk\/info\/wp-content\/uploads\/2013\/07\/logo-OZ-90x50.jpg?w=1122&amp;ssl=1 1122w\" sizes=\"auto, (max-width: 150px) 100vw, 150px\" \/><\/a><\/p>\n<p>&nbsp;<\/p>\n<p>Podie\u013eaj\u00fa sa na \u0148om \u013eudia s dlhoro\u010dn\u00fdmi sk\u00fasenos\u0165ami v oblasti prevencie kriminality, riadenia bezpe\u010dnosti, eduk\u00e1cie a evangeliz\u00e1cie problematiky bezpe\u010dnosti digit\u00e1lneho sveta.\u00a0Pokia\u013e sa chcete aj vy sta\u0165 \u010dlenom t\u00edmu, prispievate\u013eom &#8211; nev\u00e1hajte a vyu\u017eite n\u00e1\u0161 <a href=\"https:\/\/preventista.sk\/info\/kontakt\/\">kontaktn\u00fd formul\u00e1r<\/a>.<\/p>\n<p>&nbsp;<\/p>\n<p><em>Zakladatelia projektu:<\/em><\/p>\n<p><strong>Ing. Jaroslav Oster\u00a0<\/strong> <a href=\"http:\/\/www.linkedin.com\/pub\/jaroslav-oster\/4b\/770\/2a\" target=\"_blank\"><img data-recalc-dims=\"1\" loading=\"lazy\" decoding=\"async\" src=\"https:\/\/i0.wp.com\/preventista.sk\/info\/wp-content\/uploads\/2013\/07\/Linked-In.png?resize=30%2C30&#038;ssl=1\" alt=\"LinkedIn\" width=\"30\" height=\"30\" \/><\/a><\/p>\n<hr \/>\n<p style=\"text-align: justify;\">Absolvent Fakulty elektrotechniky a informatiky Technickej univerzity v Ko\u0161iciach p\u00f4sob\u00ed v oblasti IT 19 rokov ako konzultant pre oblas\u0165 informa\u010dnej\u00a0bezpe\u010dnosti\u00a0 v spolo\u010dnosti Info consult, s.r.o. Od roku 2000 p\u00f4sob\u00ed tie\u017e ako s\u00fadny znalec v oblasti IT. Akt\u00edvne sa podie\u013ea na rade vzdel\u00e1vac\u00edch a realiza\u010dn\u00fdch projektov zameran\u00fdch na problematiku informa\u010dnej bezpe\u010dnosti v zdravotn\u00edckom sektore, samospr\u00e1ve i komer\u010dnom sektore, vzdel\u00e1van\u00ed s\u00fadnych znalcov.\u00a0Patr\u00ed medzi zakladaj\u00facich\u00a0\u010dlenov Slovenskej asoci\u00e1cie informa\u010dnej bezpe\u010dnosti (SASIB) a p\u00f4sob\u00ed \u0165ie\u017e v poradnom v\u00fdbore projektu zodpovedne.sk.<\/p>\n<p>&nbsp;<\/p>\n<p><strong>\u00a0Ing. Ivan Makatura\u00a0<\/strong><a href=\"http:\/\/sk.linkedin.com\/in\/makatura \"><img data-recalc-dims=\"1\" decoding=\"async\" src=\"https:\/\/i0.wp.com\/preventista.sk\/info\/wp-content\/uploads\/2013\/07\/Linked-In.png?w=30&#038;ssl=1\" alt=\"\"   \/><\/a><\/p>\n<hr \/>\n<p style=\"text-align: justify;\">Absolvent Fakulty elektrotechniky a informatiky Technickej univerzity v Ko\u0161iciach. V s\u00fa\u010dasnej dobe riadite\u013e odboru Bezpe\u010dnos\u0165 V\u0161eobecnej \u00faverovej banky a.s., s\u00fadny znalec v odvetv\u00ed Bezpe\u010dnos\u0165 a ochrana informa\u010dn\u00fdch syst\u00e9mov, ved\u00faci Pracovnej skupiny pre informa\u010dn\u00fa bezpe\u010dnos\u0165 Komisie pre bezpe\u010dnos\u0165 b\u00e1nk a finan\u010dn\u00fdch oper\u00e1ci\u00ed Slovenskej bankovej asoci\u00e1cie. \u010clen poradn\u00e9ho org\u00e1nu pre digit\u00e1lnu agendu pri Ministerstve Financi\u00ed SR. Certifikovan\u00fd aud\u00edtor ISO 20000 a ISO 27000. Spoluzakladate\u013e a prv\u00fd predseda slovenskej pobo\u010dky IT Service management f\u00f3ra, v s\u00fa\u010dasnosti \u010dlen spr\u00e1vnej rady itSMF.sk<\/p>\n<p>&nbsp;<\/p>\n<p><strong>Tom\u00e1\u0161 Paulus<\/strong> <a href=\"http:\/\/www.linkedin.com\/in\/tomaspaulus\"><img data-recalc-dims=\"1\" decoding=\"async\" src=\"https:\/\/i0.wp.com\/preventista.sk\/info\/wp-content\/uploads\/2013\/07\/Linked-In.png?w=30&#038;ssl=1\" alt=\"\"   \/><\/a><\/p>\n<hr \/>\n<p style=\"text-align: justify;\">\u0160tudent\u00a0Vysok\u00e9ho u\u010den\u00ed technick\u00e9ho v Brne, odbor Informatika. Dr\u017eite\u013e v\u0161etk\u00fdch certifik\u00e1tov\u00a0Cisco Certified Network Associate (CCNA), CISCO IT Essentials a Microsoft Technology Associate Networking (MTA). Venuje sa poloprofesion\u00e1lnej tvorbe grafick\u00fdch pr\u00e1c ur\u010den\u00fdch na r\u00f4zne komer\u010dn\u00e9 \u00fa\u010dely.<\/p>\n<p>&nbsp;<\/p>\n<p><strong>Ivan Kr\u00e1lik<\/strong><a href=\"http:\/\/sk.linkedin.com\/pub\/ivan-kr%C3%A1lik\/78\/97a\/518\/\"><img data-recalc-dims=\"1\" decoding=\"async\" src=\"https:\/\/i0.wp.com\/preventista.sk\/info\/wp-content\/uploads\/2013\/07\/Linked-In.png?w=30&#038;ssl=1\" alt=\"\"   \/><\/a><\/p>\n<hr \/>\n<p style=\"text-align: justify;\">\u0160tudent Fakulty informatiky Masarykovej univerzity v Brne, odbor Informatika &#8211; Po\u010d\u00edta\u010dov\u00e9 syst\u00e9my a spracovanie d\u00e1t. Popri \u0161t\u00fadiu sa profesion\u00e1lne venuje tvorbe webov\u00fdch str\u00e1nok, v\u00fdvoju aplik\u00e1ci\u00ed a informa\u010dn\u00fdch syst\u00e9mov na platforme PHP s klientsk\u00fdm rozhran\u00edm postavenom na HTML 5, CSS 3, JavaScripte vr\u00e1tane jQuery a s responz\u00edvnym dizajnom.<\/p>\n<p>&nbsp;<\/p>\n<p><em>Prispievatelia:<\/em><\/p>\n<hr \/>\n<p><i>Ing. Du\u0161an Ko\u017eu\u0161n\u00edk,\u00a0 <\/i>COMPELSON Praha<\/p>\n<p><em>Robert B\u011blovsk\u00fd<\/em>,\u00a0 ASKON International Praha<\/p>\n<p><em>Ing.Zuzana Ho\u0161alov\u00e1<\/em>, ESET<\/p>\n<p><em>O\u013ega \u0160\u00eddov\u00e1<\/em>, \u0161tudentka<\/p>\n<p><em>Tatiana Trojanov\u00e1 ,\u00a0<\/em>Z\u00e1kladn\u00e1 \u0161kola P.O.Hviezdoslava Trsten\u00e1<\/p>\n<p>&nbsp;<\/p>\n","protected":false},"excerpt":{"rendered":"<p>Port\u00e1l Preventista.sk vznikol ako projekt, ktor\u00fd m\u00e1 \u0161\u00edri\u0165 posolstvo prevencie IT\u00a0kriminality a prispie\u0165 ku osvete informa\u010dnej\u00a0bezpe\u010dnosti. Jeho z\u00e1merom je poskytn\u00fa\u0165 platformu pre v\u00fdmenu sk\u00fasenost\u00ed s praktickou realiz\u00e1ciou prevent\u00edvneho p\u00f4sobenia na v\u0161etk\u00fdch \u00farovniach spolo\u010densk\u00e9ho \u017eivota. &nbsp; Port\u00e1l Preventista.sk \u00a0je prev\u00e1dzkovan\u00fd ob\u010dianskym zdru\u017een\u00edm Preventista &#8211;\u00a0zdru\u017eenie pre bezpe\u010dnos\u0165 a prevenciu &nbsp; Podie\u013eaj\u00fa sa na \u0148om \u013eudia s dlhoro\u010dn\u00fdmi [&hellip;]<\/p>\n","protected":false},"author":3,"featured_media":1030,"parent":0,"menu_order":0,"comment_status":"open","ping_status":"open","template":"","meta":{"jetpack_post_was_ever_published":false,"footnotes":""},"class_list":["post-489","page","type-page","status-publish","has-post-thumbnail","hentry"],"aioseo_notices":[],"jetpack_sharing_enabled":true,"jetpack-related-posts":[{"id":328,"url":"https:\/\/preventista.sk\/info\/preventisti\/","url_meta":{"origin":489,"position":0},"title":"Preventisti","author":"T.Paulus","date":"23. j\u00fala 2013","format":false,"excerpt":"T\u00e1to sekcia je ur\u010den\u00e1 pre preventistov, u\u010dite\u013eov venuj\u00facim sa problematike prevencie IT kriminality, populariz\u00e1cii IT bezpe\u010dnosti medzi ml\u00e1de\u017eou. Jej z\u00e1merom je vz\u00e1jomn\u00e1 a neverejn\u00e1 v\u00fdmena materi\u00e1lov pou\u017e\u00edvan\u00fdch pri pr\u00e1ci so \u017eiakmi. Pokia\u013e teda m\u00e1te z\u00e1ujem o pr\u00edstup do tejto sekcie, ste ochotn\u00fd poskytn\u00fa\u0165 svoje materi\u00e1ly a na opl\u00e1tku ma\u0165 mo\u017enos\u0165\u2026","rel":"","context":"Podobn\u00fd pr\u00edspevok","block_context":{"text":"Podobn\u00fd pr\u00edspevok","link":""},"img":{"alt_text":"","src":"https:\/\/i0.wp.com\/preventista.sk\/info\/wp-content\/uploads\/2013\/07\/ACP_PDF-2_file_document.png?resize=350%2C200","width":350,"height":200},"classes":[]},{"id":531,"url":"https:\/\/preventista.sk\/info\/poradna-2\/linky-pomoci\/","url_meta":{"origin":489,"position":1},"title":"Linky pomoci","author":"T.Paulus","date":"25. j\u00fala 2013","format":false,"excerpt":"Kam by ste sa mali obr\u00e1ti\u0165 v pr\u00edpade probl\u00e9mu? \u00a0 Jednotn\u00e9 \u010d\u00edslo ties\u0148ov\u00e9ho volania \u00a0- 112\u00a0 \u010c\u00edslo ties\u0148ov\u00e9ho volania sl\u00fa\u017ei na privolanie z\u00e1chrann\u00fdch zlo\u017eiek (hasi\u010dsk\u00fd a z\u00e1chrann\u00fd zbor,pol\u00edcia,z\u00e1chrann\u00e1 zdravotn\u00e1 slu\u017eba,kontroln\u00e9 chemick\u00e9 laborat\u00f3ri\u00e1 civilnej ochrany,bansk\u00e1 z\u00e1chrann\u00e1 slu\u017eba,horsk\u00e1\u00a0 z\u00e1chrann\u00e1 slu\u017eba,\u017eelezni\u010dn\u00e1 pol\u00edcia)\u00a0integrovan\u00e9ho z\u00e1chrann\u00e9ho syst\u00e9mu v pr\u00edpade, ke\u010f je ohrozen\u00fd \u013eudsk\u00fd \u017eivot, zdravie, majetok\u2026","rel":"","context":"Podobn\u00fd pr\u00edspevok","block_context":{"text":"Podobn\u00fd pr\u00edspevok","link":""},"img":{"alt_text":"","src":"https:\/\/i0.wp.com\/preventista.sk\/info\/wp-content\/uploads\/2013\/07\/images.jpg?resize=350%2C200","width":350,"height":200},"classes":[]},{"id":4568,"url":"https:\/\/preventista.sk\/info\/kniznica\/","url_meta":{"origin":489,"position":2},"title":"Kni\u017enica","author":"Redakcia","date":"10. janu\u00e1ra 2022","format":false,"excerpt":"Na tejto podstr\u00e1nke postupne budeme prid\u00e1va\u0165 odkazy na r\u00f4zne publik\u00e1cie - n\u00e1jdete tu nami vydan\u00e9 publik\u00e1cie, nami odpor\u00fa\u010dan\u00e9 a rovnako aj publik\u00e1cie, ktor\u00e9 sa rozhodli autori spr\u00edstupni\u0165 prostredn\u00edctvom na\u0161ej str\u00e1nky. Publik\u00e1cie vydan\u00e9 OZ PREVENTISTA Ako na n\u00e1strahy internetu 2.aktualizovan\u00e9 vydanie Vydal: OZ Preventista - zdru\u017eenie pre bezpe\u010dnos\u0165 a prevenciu, 2016\u2026","rel":"","context":"Podobn\u00fd pr\u00edspevok","block_context":{"text":"Podobn\u00fd pr\u00edspevok","link":""},"img":{"alt_text":"","src":"https:\/\/i0.wp.com\/preventista.sk\/info\/wp-content\/uploads\/2016\/01\/kniha_foto_2.jpg?resize=350%2C200&ssl=1","width":350,"height":200,"srcset":"https:\/\/i0.wp.com\/preventista.sk\/info\/wp-content\/uploads\/2016\/01\/kniha_foto_2.jpg?resize=350%2C200&ssl=1 1x, https:\/\/i0.wp.com\/preventista.sk\/info\/wp-content\/uploads\/2016\/01\/kniha_foto_2.jpg?resize=525%2C300&ssl=1 1.5x, https:\/\/i0.wp.com\/preventista.sk\/info\/wp-content\/uploads\/2016\/01\/kniha_foto_2.jpg?resize=700%2C400&ssl=1 2x, https:\/\/i0.wp.com\/preventista.sk\/info\/wp-content\/uploads\/2016\/01\/kniha_foto_2.jpg?resize=1050%2C600&ssl=1 3x, https:\/\/i0.wp.com\/preventista.sk\/info\/wp-content\/uploads\/2016\/01\/kniha_foto_2.jpg?resize=1400%2C800&ssl=1 4x"},"classes":[]},{"id":1848,"url":"https:\/\/preventista.sk\/info\/copyright\/","url_meta":{"origin":489,"position":3},"title":"Copyright","author":"T.Paulus","date":"23. janu\u00e1ra 2014","format":false,"excerpt":"Autorsk\u00e9 pr\u00e1va Vydavate\u013eom, prev\u00e1dzkovate\u013eom servera a poskytovate\u013eom s\u00favisiacich slu\u017eieb je: Ob\u010dianske zdru\u017eenie Preventista\u00a0 \u2013\u00a0 zdru\u017eenie pre bezpe\u010dnos\u0165 a\u00a0prevenciu. (\u010falej len \u201cvydavate\u013e\u201d). Ak nie je v\u00fdslovne uveden\u00e9 inak, autorsk\u00e9 pr\u00e1va k textom, grafike alebo in\u00fdm materi\u00e1lom chr\u00e1nen\u00fdm autorsk\u00fdm pr\u00e1vom, ktor\u00e9 s\u00fa publikovan\u00e9 na serveri Preventista.sk, vykon\u00e1va vydavate\u013e. Obsah publikovan\u00fd na Preventista.sk\u2026","rel":"","context":"Podobn\u00fd pr\u00edspevok","block_context":{"text":"Podobn\u00fd pr\u00edspevok","link":""},"img":{"alt_text":"","src":"","width":0,"height":0},"classes":[]},{"id":787,"url":"https:\/\/preventista.sk\/info\/aktualne\/","url_meta":{"origin":489,"position":4},"title":"Aktu\u00e1lne","author":"T.Paulus","date":"31. j\u00fala 2013","format":false,"excerpt":"Kalend\u00e1r aktiv\u00edt v oblasti prevencie IT kriminality, predn\u00e1\u0161ky, intern\u00e9 work-shopy, semin\u00e1re, konferencie na \u00fazem\u00ed SR i zahrani\u010dn\u00e9 konferencie\u2026 Pokia\u013e chcete aj Vy prida\u0165 VEREJN\u00da akciu do n\u00e1\u0161ho kalend\u00e1ra, pros\u00edme vyu\u017eite formul\u00e1r na konci str\u00e1nky. \u00a0","rel":"","context":"Podobn\u00fd pr\u00edspevok","block_context":{"text":"Podobn\u00fd pr\u00edspevok","link":""},"img":{"alt_text":"","src":"","width":0,"height":0},"classes":[]},{"id":907,"url":"https:\/\/preventista.sk\/info\/zapojte-sa\/","url_meta":{"origin":489,"position":5},"title":"Zapojte sa","author":"Redakcia","date":"3. augusta 2013","format":false,"excerpt":"Vylep\u0161ite va\u0161e u\u010debne \u0161t\u00fdlov\u00fdmi a n\u00e1u\u010dn\u00fdmi plag\u00e1tmi. Aktu\u00e1lny set obsahuje plag\u00e1ty s t\u00e9matikou bezpe\u010dn\u00e9ho pou\u017e\u00edvania Facebook-u, siln\u00fdch hesiel, ochrany osobn\u00fdch \u00fadajov a podvodn\u00fdch e-mailov. Pre stiahnutie plag\u00e1tov kliknite sem. Pre stiahnutie plag\u00e1tu Stal som sa obe\u0165ou\u00a0 kliknite sem \u00a0 Ako plag\u00e1ty vyzeraj\u00fa? Ak sa v\u00e1m zap\u00e1\u010dila my\u0161lienka, ktor\u00fa \u0161\u00edri port\u00e1l\u2026","rel":"","context":"Podobn\u00fd pr\u00edspevok","block_context":{"text":"Podobn\u00fd pr\u00edspevok","link":""},"img":{"alt_text":"","src":"https:\/\/i0.wp.com\/preventista.sk\/info\/wp-content\/uploads\/2022\/01\/hladame-autorov.png?resize=350%2C200&ssl=1","width":350,"height":200,"srcset":"https:\/\/i0.wp.com\/preventista.sk\/info\/wp-content\/uploads\/2022\/01\/hladame-autorov.png?resize=350%2C200&ssl=1 1x, https:\/\/i0.wp.com\/preventista.sk\/info\/wp-content\/uploads\/2022\/01\/hladame-autorov.png?resize=525%2C300&ssl=1 1.5x, https:\/\/i0.wp.com\/preventista.sk\/info\/wp-content\/uploads\/2022\/01\/hladame-autorov.png?resize=700%2C400&ssl=1 2x"},"classes":[]}],"_links":{"self":[{"href":"https:\/\/preventista.sk\/info\/wp-json\/wp\/v2\/pages\/489","targetHints":{"allow":["GET"]}}],"collection":[{"href":"https:\/\/preventista.sk\/info\/wp-json\/wp\/v2\/pages"}],"about":[{"href":"https:\/\/preventista.sk\/info\/wp-json\/wp\/v2\/types\/page"}],"author":[{"embeddable":true,"href":"https:\/\/preventista.sk\/info\/wp-json\/wp\/v2\/users\/3"}],"replies":[{"embeddable":true,"href":"https:\/\/preventista.sk\/info\/wp-json\/wp\/v2\/comments?post=489"}],"version-history":[{"count":47,"href":"https:\/\/preventista.sk\/info\/wp-json\/wp\/v2\/pages\/489\/revisions"}],"predecessor-version":[{"id":3013,"href":"https:\/\/preventista.sk\/info\/wp-json\/wp\/v2\/pages\/489\/revisions\/3013"}],"wp:featuredmedia":[{"embeddable":true,"href":"https:\/\/preventista.sk\/info\/wp-json\/wp\/v2\/media\/1030"}],"wp:attachment":[{"href":"https:\/\/preventista.sk\/info\/wp-json\/wp\/v2\/media?parent=489"}],"curies":[{"name":"wp","href":"https:\/\/api.w.org\/{rel}","templated":true}]}}