{"id":648,"date":"2013-07-29T09:00:10","date_gmt":"2013-07-29T07:00:10","guid":{"rendered":"http:\/\/preventista.sk\/info\/?page_id=648"},"modified":"2023-12-15T13:03:21","modified_gmt":"2023-12-15T12:03:21","slug":"kontakt-2","status":"publish","type":"page","link":"https:\/\/preventista.sk\/info\/kontakt-2\/","title":{"rendered":"Kontakt"},"content":{"rendered":"<p><a href=\"https:\/\/i0.wp.com\/preventista.sk\/info\/wp-content\/uploads\/2013\/07\/logo-OZ-90x50.jpg?ssl=1\"><img data-recalc-dims=\"1\" loading=\"lazy\" decoding=\"async\" data-attachment-id=\"1582\" data-permalink=\"https:\/\/preventista.sk\/info\/kontakt-2\/logo-oz-90x50\/\" data-orig-file=\"https:\/\/i0.wp.com\/preventista.sk\/info\/wp-content\/uploads\/2013\/07\/logo-OZ-90x50.jpg?fit=1122%2C650&amp;ssl=1\" data-orig-size=\"1122,650\" data-comments-opened=\"1\" data-image-meta=\"{&quot;aperture&quot;:&quot;0&quot;,&quot;credit&quot;:&quot;&quot;,&quot;camera&quot;:&quot;&quot;,&quot;caption&quot;:&quot;&quot;,&quot;created_timestamp&quot;:&quot;0&quot;,&quot;copyright&quot;:&quot;&quot;,&quot;focal_length&quot;:&quot;0&quot;,&quot;iso&quot;:&quot;0&quot;,&quot;shutter_speed&quot;:&quot;0&quot;,&quot;title&quot;:&quot;&quot;}\" data-image-title=\"logo OZ 90&amp;#215;50\" data-image-description=\"\" data-image-caption=\"\" data-large-file=\"https:\/\/i0.wp.com\/preventista.sk\/info\/wp-content\/uploads\/2013\/07\/logo-OZ-90x50.jpg?fit=1024%2C593&amp;ssl=1\" class=\"size-medium wp-image-1582 alignright\" src=\"https:\/\/i0.wp.com\/preventista.sk\/info\/wp-content\/uploads\/2013\/07\/logo-OZ-90x50.jpg?resize=300%2C173&#038;ssl=1\" alt=\"logo OZ 90x50\" width=\"300\" height=\"173\" srcset=\"https:\/\/i0.wp.com\/preventista.sk\/info\/wp-content\/uploads\/2013\/07\/logo-OZ-90x50.jpg?resize=300%2C173&amp;ssl=1 300w, https:\/\/i0.wp.com\/preventista.sk\/info\/wp-content\/uploads\/2013\/07\/logo-OZ-90x50.jpg?resize=150%2C86&amp;ssl=1 150w, https:\/\/i0.wp.com\/preventista.sk\/info\/wp-content\/uploads\/2013\/07\/logo-OZ-90x50.jpg?resize=1024%2C593&amp;ssl=1 1024w, https:\/\/i0.wp.com\/preventista.sk\/info\/wp-content\/uploads\/2013\/07\/logo-OZ-90x50.jpg?w=1122&amp;ssl=1 1122w\" sizes=\"auto, (max-width: 300px) 100vw, 300px\" \/><\/a><\/p>\n<p><strong>OZ \u00a0PREVENTISTA<\/strong><\/p>\n<p><strong>zdru\u017eenie pre bezpe\u010dnos\u0165 a prevenciu<\/strong><\/p>\n<p><strong>I\u010cO:<\/strong>\u00a0\u00a042309794 \u00a0 \u00a0 <strong>DI\u010c:<\/strong> 2023902496<\/p>\n<p><strong>Adresa:\u00a0<\/strong><\/p>\n<p>N\u00e1mestie republiky 13, 984 01 Lu\u010denec<\/p>\n<p><strong>\u010c\u00edslo \u00fa\u010dtu:<\/strong><\/p>\n<p>3197472653\/0200\u00a0 V\u00daB BANKA<\/p>\n<p>IBAN: SK 10 0200 0000 0031 9747 2653<\/p>\n<p><strong>Mobiln\u00fd telef\u00f3n:\u00a0 <\/strong>+421 905 272 066<\/p>\n<p><strong>Emailov\u00fd kontakt:\u00a0 <\/strong><a href=\"mailto:info@preventista.sk\">info@preventista.sk<\/a><\/p>\n<hr \/>\n<p><strong>Zoznam \u010dlenov zdru\u017eenia\u00a0<\/strong>n\u00e1jdete <a href=\"https:\/\/preventista.sk\/info\/clenovia-oz-preventista\/\">tu<\/a>.<\/p>\n<p><strong>Zakladaj\u00face dokumenty OZ<\/strong><\/p>\n<p><a href=\"https:\/\/preventista.sk\/info\/wp-content\/uploads\/2023\/12\/OZ_Preventista_stanovy_aktualizacia_2018.pdf\">Stanovy <em>OZ Preventista &#8211; zdru\u017eenie pre bezpe\u010dnos\u0165 a prevenciu<\/em><\/a><\/p>\n<p><a href=\"https:\/\/preventista.sk\/info\/wp-content\/uploads\/2013\/07\/OZ_Preventista_Prispevkovy_poriadok.pdf\">Pr\u00edspevkov\u00fd poriadok <em>OZ Preventista &#8211; zdru\u017eenie pre bezpe\u010dnos\u0165 a prevenciu<\/em><\/a><\/p>\n<p><strong>Chcete sa k n\u00e1m pripoji\u0165 a sta\u0165 sa \u010dlenom n\u00e1\u0161ho zdru\u017eenia?<\/strong><\/p>\n<p>Stiahnite si nasleduj\u00facu prihl\u00e1\u0161ku vo form\u00e1te .pdf. Je pripraven\u00e1 ako formul\u00e1r, ktor\u00fd m\u00f4\u017eete priamo vyplni\u0165 a po podp\u00edsan\u00ed elektronick\u00fdm k\u013e\u00fa\u010dom (pokia\u013e m\u00e1te) priamo odosla\u0165. Druhou mo\u017enos\u0165ou je vyplnenie, vytla\u010denie, podp\u00edsanie a odoslanie k n\u00e1m.<\/p>\n<p><a href=\"https:\/\/preventista.sk\/info\/wp-content\/uploads\/2013\/07\/PREVENTISTA_Prihlaska_formular.pdf\">PRIHL\u00c1\u0160KA \u00a0za \u010dlena <em>OZ Preventista &#8211; zdru\u017eenie pre bezpe\u010dnos\u0165 a prevenciu<\/em><\/a><\/p>\n<p><strong>Chcete podpori\u0165 na\u0161e aktivity?<\/strong><\/p>\n<p>V\u0161etky Va\u0161e dary bud\u00fa vyu\u017eit\u00e9 na \u010dinnosti, ktor\u00e9 sme dlh\u00e9 roky doteraz robili nez\u00e1visle bez existencie zdru\u017eenia a ktor\u00e9 mnoh\u00ed z V\u00e1s d\u00f4verne poznaj\u00fa &#8211; organiz\u00e1cia predn\u00e1\u0161ok, vzdel\u00e1vac\u00edch aktiv\u00edt, s\u00fa\u0165a\u017e\u00ed a \u010fal\u0161\u00edch, ktor\u00e9 sa \u017eia\u013e bez Va\u0161ej pomoci nepodar\u00ed zorganizova\u0165. Vopred \u010fakujeme ka\u017ed\u00e9mu darcovi.<\/p>\n<p><a href=\"https:\/\/preventista.sk\/info\/wp-content\/uploads\/2013\/07\/DAROVACIA-ZMLUVA-financny-dar.pdf\">DAROVACIA ZMLUVA &#8211; finan\u010dn\u00fd dar<\/a><\/p>\n<p><a href=\"https:\/\/preventista.sk\/info\/wp-content\/uploads\/2013\/07\/DAROVACIA-ZMLUVA-vecny-dar.pdf\">DAROVACIA ZMLUVA &#8211; vecn\u00fd dar<\/a><\/p>\n<hr \/>\n","protected":false},"excerpt":{"rendered":"<p>OZ \u00a0PREVENTISTA zdru\u017eenie pre bezpe\u010dnos\u0165 a prevenciu I\u010cO:\u00a0\u00a042309794 \u00a0 \u00a0 DI\u010c: 2023902496 Adresa:\u00a0 N\u00e1mestie republiky 13, 984 01 Lu\u010denec \u010c\u00edslo \u00fa\u010dtu: 3197472653\/0200\u00a0 V\u00daB BANKA IBAN: SK 10 0200 0000 0031 9747 2653 Mobiln\u00fd telef\u00f3n:\u00a0 +421 905 272 066 Emailov\u00fd kontakt:\u00a0 info@preventista.sk Zoznam \u010dlenov zdru\u017eenia\u00a0n\u00e1jdete tu. Zakladaj\u00face dokumenty OZ Stanovy OZ Preventista &#8211; zdru\u017eenie pre bezpe\u010dnos\u0165 [&hellip;]<\/p>\n","protected":false},"author":3,"featured_media":0,"parent":0,"menu_order":0,"comment_status":"open","ping_status":"open","template":"","meta":{"jetpack_post_was_ever_published":false,"footnotes":""},"class_list":["post-648","page","type-page","status-publish","hentry"],"aioseo_notices":[],"jetpack_sharing_enabled":true,"jetpack-related-posts":[{"id":4568,"url":"https:\/\/preventista.sk\/info\/kniznica\/","url_meta":{"origin":648,"position":0},"title":"Kni\u017enica","author":"Redakcia","date":"10. janu\u00e1ra 2022","format":false,"excerpt":"Na tejto podstr\u00e1nke postupne budeme prid\u00e1va\u0165 odkazy na r\u00f4zne publik\u00e1cie - n\u00e1jdete tu nami vydan\u00e9 publik\u00e1cie, nami odpor\u00fa\u010dan\u00e9 a rovnako aj publik\u00e1cie, ktor\u00e9 sa rozhodli autori spr\u00edstupni\u0165 prostredn\u00edctvom na\u0161ej str\u00e1nky. Publik\u00e1cie vydan\u00e9 OZ PREVENTISTA Ako na n\u00e1strahy internetu 2.aktualizovan\u00e9 vydanie Vydal: OZ Preventista - zdru\u017eenie pre bezpe\u010dnos\u0165 a prevenciu, 2016\u2026","rel":"","context":"Podobn\u00fd pr\u00edspevok","block_context":{"text":"Podobn\u00fd pr\u00edspevok","link":""},"img":{"alt_text":"","src":"https:\/\/i0.wp.com\/preventista.sk\/info\/wp-content\/uploads\/2016\/01\/kniha_foto_2.jpg?resize=350%2C200&ssl=1","width":350,"height":200,"srcset":"https:\/\/i0.wp.com\/preventista.sk\/info\/wp-content\/uploads\/2016\/01\/kniha_foto_2.jpg?resize=350%2C200&ssl=1 1x, https:\/\/i0.wp.com\/preventista.sk\/info\/wp-content\/uploads\/2016\/01\/kniha_foto_2.jpg?resize=525%2C300&ssl=1 1.5x, https:\/\/i0.wp.com\/preventista.sk\/info\/wp-content\/uploads\/2016\/01\/kniha_foto_2.jpg?resize=700%2C400&ssl=1 2x, https:\/\/i0.wp.com\/preventista.sk\/info\/wp-content\/uploads\/2016\/01\/kniha_foto_2.jpg?resize=1050%2C600&ssl=1 3x, https:\/\/i0.wp.com\/preventista.sk\/info\/wp-content\/uploads\/2016\/01\/kniha_foto_2.jpg?resize=1400%2C800&ssl=1 4x"},"classes":[]},{"id":3513,"url":"https:\/\/preventista.sk\/info\/clenovia-oz-preventista\/","url_meta":{"origin":648,"position":1},"title":"Zoznam \u010dlenov n\u00e1\u0161ho zdru\u017eenia","author":"Redakcia","date":"7. febru\u00e1ra 2018","format":false,"excerpt":"Chcete sa k n\u00e1m pripoji\u0165 a sta\u0165 sa \u010dlenom n\u00e1\u0161ho zdru\u017eenia? Stiahnite si nasleduj\u00facu prihl\u00e1\u0161ku vo form\u00e1te .pdf. Je pripraven\u00e1 ako formul\u00e1r, ktor\u00fd m\u00f4\u017eete priamo vyplni\u0165 a po podp\u00edsan\u00ed elektronick\u00fdm k\u013e\u00fa\u010dom (pokia\u013e m\u00e1te) priamo odosla\u0165. Druhou mo\u017enos\u0165ou je vyplnenie, vytla\u010denie, podp\u00edsanie a odoslanie k n\u00e1m. PRIHL\u00c1\u0160KA \u00a0za \u010dlena OZ Preventista\u2026","rel":"","context":"Podobn\u00fd pr\u00edspevok","block_context":{"text":"Podobn\u00fd pr\u00edspevok","link":""},"img":{"alt_text":"","src":"","width":0,"height":0},"classes":[]},{"id":489,"url":"https:\/\/preventista.sk\/info\/o-nas\/","url_meta":{"origin":648,"position":2},"title":"O n\u00e1s","author":"T.Paulus","date":"25. j\u00fala 2013","format":false,"excerpt":"Port\u00e1l Preventista.sk vznikol ako projekt, ktor\u00fd m\u00e1 \u0161\u00edri\u0165 posolstvo prevencie IT\u00a0kriminality a prispie\u0165 ku osvete informa\u010dnej\u00a0bezpe\u010dnosti. Jeho z\u00e1merom je poskytn\u00fa\u0165 platformu pre v\u00fdmenu sk\u00fasenost\u00ed s praktickou realiz\u00e1ciou prevent\u00edvneho p\u00f4sobenia na v\u0161etk\u00fdch \u00farovniach spolo\u010densk\u00e9ho \u017eivota. \u00a0 Port\u00e1l Preventista.sk \u00a0je prev\u00e1dzkovan\u00fd ob\u010dianskym zdru\u017een\u00edm Preventista -\u00a0zdru\u017eenie pre bezpe\u010dnos\u0165 a prevenciu \u00a0 Podie\u013eaj\u00fa sa\u2026","rel":"","context":"Podobn\u00fd pr\u00edspevok","block_context":{"text":"Podobn\u00fd pr\u00edspevok","link":""},"img":{"alt_text":"","src":"https:\/\/i0.wp.com\/preventista.sk\/info\/wp-content\/uploads\/2013\/08\/otaznik.jpg?fit=458%2C376&ssl=1&resize=350%2C200","width":350,"height":200},"classes":[]},{"id":2457,"url":"https:\/\/preventista.sk\/info\/o-nas\/darujte-2-dani\/","url_meta":{"origin":648,"position":3},"title":"Podporte n\u00e1s v boji s kyber-kriminalitou!","author":"Redakcia","date":"25. janu\u00e1ra 2015","format":false,"excerpt":"N\u00e1zov organiz\u00e1cie:\u00a0\u00a0\u00a0\u00a0\u00a0\u00a0\u00a0\u00a0\u00a0\u00a0\u00a0\u00a0\u00a0\u00a0\u00a0\u00a0\u00a0\u00a0\u00a0\u00a0\u00a0\u00a0\u00a0\u00a0\u00a0\u00a0\u00a0\u00a0\u00a0 OZ Preventista - zdru\u017eenie pre bezpe\u010dnos\u0165 a prevenciuS\u00eddlo organiz\u00e1cie:\u00a0 \u00a0 \u00a0 \u00a0 \u00a0 \u00a0\u00a0 \u00a0 \u00a0 \u00a0 \u00a0 \u00a0\u00a0 \u00a0 \u00a0 \u00a0 \u00a0 N\u00e1mestie republiky 13, 984 01, Lu\u010denecPr\u00e1vna forma:\u00a0 \u00a0 \u00a0 \u00a0 \u00a0\u00a0 \u00a0 \u00a0 \u00a0 \u00a0 \u00a0 \u00a0 \u00a0 \u00a0 \u00a0 \u00a0 \u00a0 \u00a0 \u00a0\u00a0 Ob\u010dianske\u2026","rel":"","context":"Podobn\u00fd pr\u00edspevok","block_context":{"text":"Podobn\u00fd pr\u00edspevok","link":""},"img":{"alt_text":"Preventista 2% dane","src":"https:\/\/i0.wp.com\/preventista.sk\/info\/wp-content\/uploads\/2015\/01\/previ-dane-cover.jpg?fit=700%2C400&ssl=1&resize=350%2C200","width":350,"height":200,"srcset":"https:\/\/i0.wp.com\/preventista.sk\/info\/wp-content\/uploads\/2015\/01\/previ-dane-cover.jpg?fit=700%2C400&ssl=1&resize=350%2C200 1x, https:\/\/i0.wp.com\/preventista.sk\/info\/wp-content\/uploads\/2015\/01\/previ-dane-cover.jpg?fit=700%2C400&ssl=1&resize=525%2C300 1.5x, https:\/\/i0.wp.com\/preventista.sk\/info\/wp-content\/uploads\/2015\/01\/previ-dane-cover.jpg?fit=700%2C400&ssl=1&resize=700%2C400 2x"},"classes":[]},{"id":1848,"url":"https:\/\/preventista.sk\/info\/copyright\/","url_meta":{"origin":648,"position":4},"title":"Copyright","author":"T.Paulus","date":"23. janu\u00e1ra 2014","format":false,"excerpt":"Autorsk\u00e9 pr\u00e1va Vydavate\u013eom, prev\u00e1dzkovate\u013eom servera a poskytovate\u013eom s\u00favisiacich slu\u017eieb je: Ob\u010dianske zdru\u017eenie Preventista\u00a0 \u2013\u00a0 zdru\u017eenie pre bezpe\u010dnos\u0165 a\u00a0prevenciu. (\u010falej len \u201cvydavate\u013e\u201d). Ak nie je v\u00fdslovne uveden\u00e9 inak, autorsk\u00e9 pr\u00e1va k textom, grafike alebo in\u00fdm materi\u00e1lom chr\u00e1nen\u00fdm autorsk\u00fdm pr\u00e1vom, ktor\u00e9 s\u00fa publikovan\u00e9 na serveri Preventista.sk, vykon\u00e1va vydavate\u013e. Obsah publikovan\u00fd na Preventista.sk\u2026","rel":"","context":"Podobn\u00fd pr\u00edspevok","block_context":{"text":"Podobn\u00fd pr\u00edspevok","link":""},"img":{"alt_text":"","src":"","width":0,"height":0},"classes":[]},{"id":2790,"url":"https:\/\/preventista.sk\/info\/workshop\/","url_meta":{"origin":648,"position":5},"title":"Workshop","author":"T.Paulus","date":"10. augusta 2015","format":false,"excerpt":"Virtu\u00e1lny svet a re\u00e1lne nebezpe\u010denstv\u00e1 16.septembra 2015, 9:00 hod. ..... Kongresov\u00e1 s\u00e1la hotela Slovan \u017delezni\u010dn\u00e1 25, Lu\u010denec mapa ..... Po\u010d\u00edta\u010dov\u00e1 kriminalita \u2013 m\u00fdty, dohady a realita Ing. Jaroslav Oster \/ Info consult s.r.o. \u00a0 Ka\u017ed\u00fd sa m\u00f4\u017ee sta\u0165 otrokom ... Aj dnes! Jozef Halcin \/ Ministerstvo vn\u00fatra SR \u00a0 Zneu\u017e\u00edvanie\u2026","rel":"","context":"Podobn\u00fd pr\u00edspevok","block_context":{"text":"Podobn\u00fd pr\u00edspevok","link":""},"img":{"alt_text":"workshop","src":"https:\/\/i0.wp.com\/preventista.sk\/info\/wp-content\/uploads\/2015\/08\/workshop-450x450.jpg?resize=350%2C200","width":350,"height":200},"classes":[]}],"_links":{"self":[{"href":"https:\/\/preventista.sk\/info\/wp-json\/wp\/v2\/pages\/648","targetHints":{"allow":["GET"]}}],"collection":[{"href":"https:\/\/preventista.sk\/info\/wp-json\/wp\/v2\/pages"}],"about":[{"href":"https:\/\/preventista.sk\/info\/wp-json\/wp\/v2\/types\/page"}],"author":[{"embeddable":true,"href":"https:\/\/preventista.sk\/info\/wp-json\/wp\/v2\/users\/3"}],"replies":[{"embeddable":true,"href":"https:\/\/preventista.sk\/info\/wp-json\/wp\/v2\/comments?post=648"}],"version-history":[{"count":47,"href":"https:\/\/preventista.sk\/info\/wp-json\/wp\/v2\/pages\/648\/revisions"}],"predecessor-version":[{"id":5486,"href":"https:\/\/preventista.sk\/info\/wp-json\/wp\/v2\/pages\/648\/revisions\/5486"}],"wp:attachment":[{"href":"https:\/\/preventista.sk\/info\/wp-json\/wp\/v2\/media?parent=648"}],"curies":[{"name":"wp","href":"https:\/\/api.w.org\/{rel}","templated":true}]}}